{"id":25,"date":"2018-12-03T17:45:20","date_gmt":"2018-12-03T16:45:20","guid":{"rendered":"http:\/\/www.vom-mira-bernina.net\/cms\/?page_id=25"},"modified":"2018-12-17T16:58:20","modified_gmt":"2018-12-17T15:58:20","slug":"ueber-uns","status":"publish","type":"page","link":"http:\/\/www.vom-mira-bernina.net\/cms\/ueber-uns\/","title":{"rendered":"\u00fcber uns"},"content":{"rendered":"<div id='full_slider_1'  class='avia-fullwidth-slider main_color avia-shadow   avia-builder-el-0  el_before_av_heading  avia-builder-el-first   container_wrap fullsize'  ><div  class='avia-slideshow av-jp8jx0hs-697102109ef5c585c6b361a5c0b4a756 avia-slideshow-no scaling av_slideshow_full avia-slide-slider av-slideshow-ui av-control-hidden av-no-slider-navigation av-hide-nav-arrows av-slideshow-manual av-loop-once av-loop-manual-endless av-default-height-applied   avia-slideshow-1' data-slideshow-options=\"{&quot;animation&quot;:&quot;slide&quot;,&quot;autoplay&quot;:false,&quot;loop_autoplay&quot;:&quot;once&quot;,&quot;interval&quot;:5,&quot;loop_manual&quot;:&quot;manual-endless&quot;,&quot;autoplay_stopper&quot;:false,&quot;noNavigation&quot;:true,&quot;bg_slider&quot;:false,&quot;keep_padding&quot;:false,&quot;hoverpause&quot;:false,&quot;show_slide_delay&quot;:0}\"  itemprop=\"image\" itemscope=\"itemscope\" itemtype=\"https:\/\/schema.org\/ImageObject\" ><ul class='avia-slideshow-inner ' style='padding-bottom: 37.5%;'><li  class='avia-slideshow-slide av-jp8jx0hs-697102109ef5c585c6b361a5c0b4a756__0  av-single-slide slide-1 slide-odd'><div data-rel='slideshow-1' class='avia-slide-wrap '   ><img decoding=\"async\" class=\"wp-image-113 avia-img-lazy-loading-not-113\"  src=\"http:\/\/www.vom-mira-bernina.net\/cms\/wp-content\/uploads\/2018\/12\/alle-01.jpg\" width=\"1920\" height=\"720\" title='alle-01' alt=''  itemprop=\"thumbnailUrl\" srcset=\"http:\/\/www.vom-mira-bernina.net\/cms\/wp-content\/uploads\/2018\/12\/alle-01.jpg 1920w, http:\/\/www.vom-mira-bernina.net\/cms\/wp-content\/uploads\/2018\/12\/alle-01-300x113.jpg 300w, http:\/\/www.vom-mira-bernina.net\/cms\/wp-content\/uploads\/2018\/12\/alle-01-768x288.jpg 768w, http:\/\/www.vom-mira-bernina.net\/cms\/wp-content\/uploads\/2018\/12\/alle-01-1030x386.jpg 1030w, http:\/\/www.vom-mira-bernina.net\/cms\/wp-content\/uploads\/2018\/12\/alle-01-1500x563.jpg 1500w, http:\/\/www.vom-mira-bernina.net\/cms\/wp-content\/uploads\/2018\/12\/alle-01-705x264.jpg 705w, http:\/\/www.vom-mira-bernina.net\/cms\/wp-content\/uploads\/2018\/12\/alle-01-450x169.jpg 450w\" sizes=\"(max-width: 1920px) 100vw, 1920px\" \/><\/div><\/li><\/ul><\/div><\/div><div id='after_full_slider_1'  class='main_color av_default_container_wrap container_wrap fullsize'  ><div class='container av-section-cont-open' ><div class='template-page content  av-content-full alpha units'><div class='post-entry post-entry-type-page post-entry-25'><div class='entry-content-wrapper clearfix'>\n\n<style type=\"text\/css\" data-created_by=\"avia_inline_auto\" id=\"style-css-av-av_heading-7e97da43098ed0b8d3e5d67210a86c98\">\n#top .av-special-heading.av-av_heading-7e97da43098ed0b8d3e5d67210a86c98{\npadding-bottom:10px;\n}\nbody .av-special-heading.av-av_heading-7e97da43098ed0b8d3e5d67210a86c98 .av-special-heading-tag .heading-char{\nfont-size:25px;\n}\n.av-special-heading.av-av_heading-7e97da43098ed0b8d3e5d67210a86c98 .av-subheading{\nfont-size:15px;\n}\n<\/style>\n<div  class='av-special-heading av-av_heading-7e97da43098ed0b8d3e5d67210a86c98 av-special-heading-h2 blockquote modern-quote  avia-builder-el-1  el_after_av_slideshow_full  el_before_av_one_full  avia-builder-el-first '><h2 class='av-special-heading-tag'  itemprop=\"headline\"  >\u00fcber uns<\/h2><div class=\"special-heading-border\"><div class=\"special-heading-inner-border\"><\/div><\/div><\/div>\n\n<style type=\"text\/css\" data-created_by=\"avia_inline_auto\" id=\"style-css-av-142ot-d5fdf3c066c788a2b531c3fcdda43504\">\n.flex_column.av-142ot-d5fdf3c066c788a2b531c3fcdda43504{\n-webkit-border-radius:0px 0px 0px 0px;\n-moz-border-radius:0px 0px 0px 0px;\nborder-radius:0px 0px 0px 0px;\npadding:0px 0px 0px 0px;\n}\n<\/style>\n<div class='flex_column av-142ot-d5fdf3c066c788a2b531c3fcdda43504 av_one_full  avia-builder-el-2  el_after_av_heading  avia-builder-el-last  first flex_column_div av-zero-column-padding '     ><section  class='av_textblock_section av-jp8jpq8z-94b74edcfc675689f3e73744a722d343'  itemscope=\"itemscope\" itemtype=\"https:\/\/schema.org\/CreativeWork\" ><div class='avia_textblock'  itemprop=\"text\" ><p><img loading=\"lazy\" decoding=\"async\" class=\"imageborder alignright wp-image-301 size-full\" src=\"http:\/\/www.vom-mira-bernina.net\/cms\/wp-content\/uploads\/2018\/12\/wir.jpg\" alt=\"\" width=\"450\" height=\"254\" srcset=\"http:\/\/www.vom-mira-bernina.net\/cms\/wp-content\/uploads\/2018\/12\/wir.jpg 450w, http:\/\/www.vom-mira-bernina.net\/cms\/wp-content\/uploads\/2018\/12\/wir-300x169.jpg 300w\" sizes=\"auto, (max-width: 450px) 100vw, 450px\" \/>Seit 1997 besteht die Zuchtst\u00e4tte &#8220; vom Mira Bernina &#8220; und seitdem ist auch der Zwingername national durch den VDH ( Verband f\u00fcr das deutsche Hundewesen ) und international durch den FCI ( Federation Cynologique International ) gesch\u00fctzt.<\/p>\n<p>Alle Welpen werden bei uns im Haus (Welpenzimmer) mit Garten gro\u00dfgezogen, sie sind Sozialisiert und kennen die meisten Alltagsger\u00e4usche.<br \/>\nBei Interesse bitte anrufen oder mailen.<\/p>\n<p>Telefon: 09567\/9813005 oder Mobil: 0151\/15129156<\/p>\n<p>Unsere Hunde stehen bei uns an erster Stelle&#8230;<\/p>\n<\/div><\/section><\/div>\n","protected":false},"excerpt":{"rendered":"","protected":false},"author":1,"featured_media":0,"parent":0,"menu_order":0,"comment_status":"closed","ping_status":"closed","template":"","meta":{"footnotes":""},"class_list":["post-25","page","type-page","status-publish","hentry"],"_links":{"self":[{"href":"http:\/\/www.vom-mira-bernina.net\/cms\/wp-json\/wp\/v2\/pages\/25","targetHints":{"allow":["GET"]}}],"collection":[{"href":"http:\/\/www.vom-mira-bernina.net\/cms\/wp-json\/wp\/v2\/pages"}],"about":[{"href":"http:\/\/www.vom-mira-bernina.net\/cms\/wp-json\/wp\/v2\/types\/page"}],"author":[{"embeddable":true,"href":"http:\/\/www.vom-mira-bernina.net\/cms\/wp-json\/wp\/v2\/users\/1"}],"replies":[{"embeddable":true,"href":"http:\/\/www.vom-mira-bernina.net\/cms\/wp-json\/wp\/v2\/comments?post=25"}],"version-history":[{"count":7,"href":"http:\/\/www.vom-mira-bernina.net\/cms\/wp-json\/wp\/v2\/pages\/25\/revisions"}],"predecessor-version":[{"id":302,"href":"http:\/\/www.vom-mira-bernina.net\/cms\/wp-json\/wp\/v2\/pages\/25\/revisions\/302"}],"wp:attachment":[{"href":"http:\/\/www.vom-mira-bernina.net\/cms\/wp-json\/wp\/v2\/media?parent=25"}],"curies":[{"name":"wp","href":"https:\/\/api.w.org\/{rel}","templated":true}]}}